{"id":61,"date":"2023-08-23T13:25:11","date_gmt":"2023-08-23T11:25:11","guid":{"rendered":"http:\/\/fresquedumanagementresponsable.org\/?page_id=61"},"modified":"2023-11-20T12:40:18","modified_gmt":"2023-11-20T11:40:18","slug":"contact","status":"publish","type":"page","link":"https:\/\/fresquedumanagementresponsable.org\/index.php\/contact\/","title":{"rendered":"Contact"},"content":{"rendered":"\n<div class=\"wp-block-columns alignfull is-layout-flex wp-container-core-columns-is-layout-9d6595d7 wp-block-columns-is-layout-flex\">\n<div class=\"wp-block-column is-layout-flow wp-block-column-is-layout-flow\">\n<div style=\"width: 100%\"><iframe src=\"https:\/\/www.google.com\/maps\/embed?pb=!1m18!1m12!1m3!1d2889.0162387144796!2d1.4353648615277819!3d43.60620349682729!2m3!1f0!2f0!3f0!3m2!1i1024!2i768!4f13.1!3m3!1m2!1s0x12aebb6110ea4981%3A0x294d88f9cb407608!2s9%20Rue%20Urbain%20Vitry%2C%2031000%20Toulouse%2C%20France!5e0!3m2!1sen!2sus!4v1700480340674!5m2!1sen!2sus\" width=\"100%\" height=\"450\" style=\"border:0;\" allowfullscreen=\"\" loading=\"lazy\" referrerpolicy=\"no-referrer-when-downgrade\"><\/iframe><\/div>\n\n\n\n<p><\/p>\n<\/div>\n<\/div>\n\n\n\n<div class=\"wp-block-columns container is-layout-flex wp-container-core-columns-is-layout-9d6595d7 wp-block-columns-is-layout-flex\">\n<div class=\"wp-block-column is-vertically-aligned-center is-layout-flow wp-block-column-is-layout-flow\">\n<h2 class=\"wp-block-heading hestia-title\">Envoyez-nous un message<\/h2>\n\n\n<div class=\"wpforms-container wpforms-container-full wpforms-block wpforms-block-2d24a977-d4c1-4072-ab99-cc8674c2ef01\" id=\"wpforms-292\"><form id=\"wpforms-form-292\" class=\"wpforms-validate wpforms-form\" data-formid=\"292\" method=\"post\" enctype=\"multipart\/form-data\" action=\"\/index.php\/wp-json\/wp\/v2\/pages\/61\" data-token=\"02ca027eab540e797e67cb6d4bb04f72\" data-token-time=\"1776866467\"><noscript class=\"wpforms-error-noscript\">Veuillez activer JavaScript dans votre navigateur pour remplir ce formulaire.<\/noscript><div class=\"wpforms-field-container\"><div id=\"wpforms-292-field_0-container\" class=\"wpforms-field wpforms-field-name wpforms-one-half wpforms-first\" data-field-id=\"0\"><label class=\"wpforms-field-label wpforms-label-hide\" for=\"wpforms-292-field_0\">Nom <span class=\"wpforms-required-label\">*<\/span><\/label><input type=\"text\" id=\"wpforms-292-field_0\" class=\"wpforms-field-large wpforms-field-required\" name=\"wpforms[fields][0]\" placeholder=\"Votre nom\" required><\/div><div id=\"wpforms-292-field_3-container\" class=\"wpforms-field wpforms-field-email wpforms-one-half\" data-field-id=\"3\"><label class=\"wpforms-field-label wpforms-label-hide\" for=\"wpforms-292-field_3\">Email <span class=\"wpforms-required-label\">*<\/span><\/label><input type=\"email\" id=\"wpforms-292-field_3\" class=\"wpforms-field-large wpforms-field-required\" name=\"wpforms[fields][3]\" placeholder=\"Votre adresse email\" spellcheck=\"false\" required><\/div><div id=\"wpforms-292-field_4-container\" class=\"wpforms-field wpforms-field-text\" data-field-id=\"4\"><label class=\"wpforms-field-label wpforms-label-hide\" for=\"wpforms-292-field_4\">Sujet<\/label><input type=\"text\" id=\"wpforms-292-field_4\" class=\"wpforms-field-large\" name=\"wpforms[fields][4]\" placeholder=\"Sujet\" ><\/div><div id=\"wpforms-292-field_2-container\" class=\"wpforms-field wpforms-field-textarea\" data-field-id=\"2\"><label class=\"wpforms-field-label wpforms-label-hide\" for=\"wpforms-292-field_2\">Message <span class=\"wpforms-required-label\">*<\/span><\/label><textarea id=\"wpforms-292-field_2\" class=\"wpforms-field-medium wpforms-field-required\" name=\"wpforms[fields][2]\" placeholder=\"Votre message\" required><\/textarea><\/div><\/div><!-- .wpforms-field-container --><div class=\"wpforms-submit-container\" ><input type=\"hidden\" name=\"wpforms[id]\" value=\"292\"><input type=\"hidden\" name=\"page_title\" value=\"\"><input type=\"hidden\" name=\"page_url\" value=\"https:\/\/fresquedumanagementresponsable.org\/index.php\/wp-json\/wp\/v2\/pages\/61\"><button type=\"submit\" name=\"wpforms[submit]\" id=\"wpforms-submit-292\" class=\"wpforms-submit\" data-alt-text=\"Envoi en cours...\" data-submit-text=\"Envoyer\" aria-live=\"assertive\" value=\"wpforms-submit\">Envoyer<\/button><\/div><\/form><\/div>  <!-- .wpforms-container --><\/div>\n\n\n\n<div class=\"wp-block-column is-vertically-aligned-center is-layout-flow wp-block-column-is-layout-flow\">\n<div class=\"wp-block-columns is-layout-flex wp-container-core-columns-is-layout-9d6595d7 wp-block-columns-is-layout-flex\">\n<div class=\"wp-block-column is-layout-flow wp-block-column-is-layout-flow\"><\/div>\n\n\n\n<div class=\"wp-block-column is-layout-flow wp-block-column-is-layout-flow\" style=\"flex-basis:50%\">\n<h4 class=\"wp-block-heading has-text-align-left hestia-title has-text-color\" style=\"color:#3c4858;font-size:18px\"><img decoding=\"async\" class=\"wp-image-86\" style=\"width: 25px;\" src=\"http:\/\/fresquedumanagementresponsable.org\/wp-content\/themes\/hestia\/assets\/img\/contact1.png\" alt=\"Map icon\">  Nos locaux<\/h4>\n\n\n\n<p class=\"has-text-align-left has-text-color\" style=\"color:#999999;font-size:14px\">Soci\u00e9t\u00e9 \u00e0 mission Here &amp; Now<br>9 rue Urbain Vitry<br>31000 Toulouse, France<\/p>\n\n\n\n<div style=\"height:40px\" aria-hidden=\"true\" class=\"wp-block-spacer\"><\/div>\n\n\n\n<h4 class=\"wp-block-heading has-text-align-left hestia-title has-text-color\" style=\"color:#3c4858;font-size:18px\"><img decoding=\"async\" class=\"wp-image-98\" style=\"width: 25px;\" src=\"http:\/\/fresquedumanagementresponsable.org\/wp-content\/themes\/hestia\/assets\/img\/contact2.png\" alt=\"\">  Appelons-nous<\/h4>\n\n\n\n<p class=\"has-text-align-left has-text-color\" style=\"color:#999999;font-size:14px\">Olivia Lans Hebrard<br>+33 6 63 60 30 67<br>olivia@herenow.fr<\/p>\n\n\n\n<div style=\"height:40px\" aria-hidden=\"true\" class=\"wp-block-spacer\"><\/div>\n\n\n\n<h4 class=\"wp-block-heading has-text-align-left hestia-title has-text-color\" style=\"color:#3c4858;font-size:18px\"><img decoding=\"async\" class=\"wp-image-105\" style=\"width: 25px;\" src=\"http:\/\/fresquedumanagementresponsable.org\/wp-content\/themes\/hestia\/assets\/img\/contact3.png\" alt=\"\"><strong>  <strong>Inf<\/strong><\/strong>ormation L\u00e9gale<\/h4>\n\n\n\n<p class=\"has-text-align-left has-text-color\" style=\"color:#999999;font-size:14px\">Soci\u00e9t\u00e9 \u00e0 Mission Here &amp; Now<br>Num\u00e9ro de Siret : 980 805 220 R.C.S. Toulouse<\/p>\n<\/div>\n\n\n\n<div class=\"wp-block-column is-layout-flow wp-block-column-is-layout-flow\"><\/div>\n<\/div>\n<\/div>\n<\/div>\n\n\n\n<p><\/p>\n","protected":false},"excerpt":{"rendered":"<p>Envoyez-nous un message Nos locaux Soci\u00e9t\u00e9 \u00e0 mission Here &amp; Now9 rue Urbain Vitry31000 Toulouse, France Appelons-nous Olivia Lans Hebrard+33 6 63 60 30 67olivia@herenow.fr Information L\u00e9gale Soci\u00e9t\u00e9 \u00e0 Mission Here &amp; NowNum\u00e9ro de Siret : 980 805 220 R.C.S. Toulouse<\/p>\n","protected":false},"author":1,"featured_media":53,"parent":0,"menu_order":0,"comment_status":"closed","ping_status":"closed","template":"page-templates\/template-pagebuilder-full-width.php","meta":{"footnotes":""},"class_list":["post-61","page","type-page","status-publish","has-post-thumbnail","hentry"],"_links":{"self":[{"href":"https:\/\/fresquedumanagementresponsable.org\/index.php\/wp-json\/wp\/v2\/pages\/61","targetHints":{"allow":["GET"]}}],"collection":[{"href":"https:\/\/fresquedumanagementresponsable.org\/index.php\/wp-json\/wp\/v2\/pages"}],"about":[{"href":"https:\/\/fresquedumanagementresponsable.org\/index.php\/wp-json\/wp\/v2\/types\/page"}],"author":[{"embeddable":true,"href":"https:\/\/fresquedumanagementresponsable.org\/index.php\/wp-json\/wp\/v2\/users\/1"}],"replies":[{"embeddable":true,"href":"https:\/\/fresquedumanagementresponsable.org\/index.php\/wp-json\/wp\/v2\/comments?post=61"}],"version-history":[{"count":7,"href":"https:\/\/fresquedumanagementresponsable.org\/index.php\/wp-json\/wp\/v2\/pages\/61\/revisions"}],"predecessor-version":[{"id":361,"href":"https:\/\/fresquedumanagementresponsable.org\/index.php\/wp-json\/wp\/v2\/pages\/61\/revisions\/361"}],"wp:featuredmedia":[{"embeddable":true,"href":"https:\/\/fresquedumanagementresponsable.org\/index.php\/wp-json\/wp\/v2\/media\/53"}],"wp:attachment":[{"href":"https:\/\/fresquedumanagementresponsable.org\/index.php\/wp-json\/wp\/v2\/media?parent=61"}],"curies":[{"name":"wp","href":"https:\/\/api.w.org\/{rel}","templated":true}]}}