{"id":139,"date":"2023-08-24T15:17:29","date_gmt":"2023-08-24T13:17:29","guid":{"rendered":"http:\/\/fresquedumanagementresponsable.org\/?page_id=139"},"modified":"2024-04-25T21:49:05","modified_gmt":"2024-04-25T19:49:05","slug":"organiser","status":"publish","type":"page","link":"https:\/\/fresquedumanagementresponsable.org\/index.php\/organiser\/","title":{"rendered":"ORGANISER"},"content":{"rendered":"\n<h2 class=\"wp-block-heading\">La fresque du Management Responsable dans votre entreprise<\/h2>\n\n\n\n<div class=\"wp-block-media-text is-stacked-on-mobile\"><figure class=\"wp-block-media-text__media\"><img loading=\"lazy\" decoding=\"async\" width=\"1024\" height=\"768\" src=\"http:\/\/fresquedumanagementresponsable.org\/wp-content\/uploads\/2023\/10\/IMG_2961-1024x768.jpg\" alt=\"\" class=\"wp-image-162 size-full\" srcset=\"https:\/\/fresquedumanagementresponsable.org\/wp-content\/uploads\/2023\/10\/IMG_2961-1024x768.jpg 1024w, https:\/\/fresquedumanagementresponsable.org\/wp-content\/uploads\/2023\/10\/IMG_2961-300x225.jpg 300w, https:\/\/fresquedumanagementresponsable.org\/wp-content\/uploads\/2023\/10\/IMG_2961-768x576.jpg 768w, https:\/\/fresquedumanagementresponsable.org\/wp-content\/uploads\/2023\/10\/IMG_2961-1536x1152.jpg 1536w, https:\/\/fresquedumanagementresponsable.org\/wp-content\/uploads\/2023\/10\/IMG_2961-2048x1536.jpg 2048w\" sizes=\"auto, (max-width: 1024px) 100vw, 1024px\" \/><\/figure><div class=\"wp-block-media-text__content\">\n<p>Un format id\u00e9al pour cr\u00e9er des \u00e9quipes confiantes et performantes, en accompagnant les managers et les organisations vers un management plus responsable et respectueux des personnes et de l&rsquo;environnement.<\/p>\n\n\n\n<p>Sensibilisation aux nouvelles formes de leadership, aux enjeux d&rsquo;un management inclusif, \u00e9thique et soucieux du bien-\u00eatre des \u00e9quipes, ainsi qu&rsquo;\u00e0 la posture du manager coach en apportant une culture manag\u00e9riale.<\/p>\n<\/div><\/div>\n\n\n\n<h2 class=\"wp-block-heading\">Choisissez l&rsquo;offre qui vous convient<\/h2>\n\n\n\n<div class=\"wp-block-columns alignwide is-layout-flex wp-container-core-columns-is-layout-829b1d53 wp-block-columns-is-layout-flex\" style=\"margin-bottom:0\">\n<div class=\"wp-block-column has-text-color has-background has-link-color wp-elements-132cb4eb89e692c0eafc12dfd7a70359 is-layout-flow wp-block-column-is-layout-flow\" style=\"color:#000000;background-color:#ffe97d;padding-top:2em;padding-right:2em;padding-bottom:2em;padding-left:2em\">\n<h2 class=\"wp-block-heading has-text-align-center\" id=\"single\" style=\"font-size:40px\">1\/ D\u00e9mo  <\/h2>\n\n\n\n<p class=\"has-normal-font-size\" style=\"line-height:1.5\"><strong>Inter entreprises, consultants <\/strong>                                  <\/p>\n\n\n\n<hr class=\"wp-block-separator has-text-color has-css-opacity has-background is-style-wide\" style=\"background-color:#000000;color:#000000\"\/>\n\n\n\n<ul class=\"has-normal-font-size wp-block-list\">\n<li>Dur\u00e9e de l&rsquo;atelier : 1h30<\/li>\n\n\n\n<li>En visio<\/li>\n\n\n\n<li>Comprendre les enjeux du Management Responsable et l&rsquo;apport de cette fresque<\/li>\n<\/ul>\n\n\n\n<div class=\"wp-block-buttons alignfull is-horizontal is-content-justification-center is-layout-flex wp-container-core-buttons-is-layout-499968f5 wp-block-buttons-is-layout-flex\">\n<div class=\"wp-block-button has-custom-width wp-block-button__width-100\"><a class=\"wp-block-button__link has-white-color has-text-color has-background no-border-radius wp-element-button\" style=\"background-color:#000000\">Offert<\/a><\/div>\n<\/div>\n<\/div>\n\n\n\n<div class=\"wp-block-column has-text-color has-background has-link-color wp-elements-4dcaac1aa6dbcc454d030e011c4cee2b is-layout-flow wp-block-column-is-layout-flow\" style=\"color:#000000;background-color:#d1d1e1;padding-top:2em;padding-right:2em;padding-bottom:2em;padding-left:2em\">\n<h3 class=\"wp-block-heading has-text-align-center\" id=\"family\" style=\"font-size:40px\">2\/ Atelier <\/h3>\n\n\n\n<p class=\"has-normal-font-size\" style=\"line-height:1.5\"><strong> Codir, Comex, teambuilding, kick on <\/strong><\/p>\n\n\n\n<hr class=\"wp-block-separator has-text-color has-css-opacity has-background is-style-wide\" style=\"background-color:#000000;color:#000000\"\/>\n\n\n\n<ul class=\"has-normal-font-size wp-block-list\">\n<li>Dur\u00e9e de l&rsquo;atelier : 4 heures<\/li>\n\n\n\n<li>En pr\u00e9sentiel dans vos locaux<\/li>\n\n\n\n<li>Vous choisissez la date et le nombre de participants<\/li>\n\n\n\n<li>Animateur agr\u00e9e <\/li>\n<\/ul>\n\n\n\n<div class=\"wp-block-buttons alignfull is-horizontal is-content-justification-center is-layout-flex wp-container-core-buttons-is-layout-499968f5 wp-block-buttons-is-layout-flex\">\n<div class=\"wp-block-button has-custom-width wp-block-button__width-100 is-style-fill\"><a class=\"wp-block-button__link has-white-color has-text-color has-background no-border-radius wp-element-button\" style=\"background-color:#000000\">150 \u20ac \/ participant ou &gt; 16 pers sur devis<\/a><\/div>\n<\/div>\n<\/div>\n\n\n\n<div class=\"wp-block-column has-text-color has-background has-link-color wp-elements-cb9847fe483ebd371938cb275d37e7a5 is-layout-flow wp-block-column-is-layout-flow\" style=\"color:#000000;background-color:#c0ebf1;padding-top:2em;padding-right:2em;padding-bottom:2em;padding-left:2em\">\n<h2 class=\"wp-block-heading has-text-align-center\" id=\"patron\" style=\"font-size:40px\">3\/ Parcours <\/h2>\n\n\n\n<p class=\"has-normal-font-size\"><strong>Id\u00e9al d\u00e9ploiement ligne manag\u00e9riale<\/strong><\/p>\n\n\n\n<hr class=\"wp-block-separator has-text-color has-css-opacity has-background is-style-wide\" style=\"background-color:#000000;color:#000000\"\/>\n\n\n\n<ul class=\"has-normal-font-size wp-block-list\">\n<li>Dur\u00e9e de la formation des ambassadeurs : 1 jour<\/li>\n\n\n\n<li>Des outils et une communaut\u00e9 pour vous accompagner<\/li>\n\n\n\n<li>Autonomie dans le d\u00e9ploiement<\/li>\n<\/ul>\n\n\n\n<div class=\"wp-block-buttons alignfull is-horizontal is-content-justification-center is-layout-flex wp-container-core-buttons-is-layout-499968f5 wp-block-buttons-is-layout-flex\">\n<div class=\"wp-block-button has-custom-width wp-block-button__width-100\"><a class=\"wp-block-button__link has-white-color has-text-color has-background no-border-radius wp-element-button\" style=\"background-color:#000000\">Sur devis<\/a><\/div>\n<\/div>\n<\/div>\n<\/div>\n\n\n\n<h2 class=\"wp-block-heading\">Retrouvez la plaquette de la fresque du Management Responsable<\/h2>\n\n\n\n<div data-wp-interactive=\"core\/file\" class=\"wp-block-file\"><object data-wp-bind--hidden=\"!state.hasPdfPreview\" hidden class=\"wp-block-file__embed\" data=\"https:\/\/fresquedumanagementresponsable.org\/wp-content\/uploads\/2023\/11\/Brochure-fresque-Management-Responsable.pdf\" type=\"application\/pdf\" style=\"width:100%;height:600px\" aria-label=\"Contenu embarqu\u00e9 Brochure-fresque-Management-Responsable.\"><\/object><a id=\"wp-block-file--media-d8dd14c7-41a8-4e06-874c-a2760a2f6c41\" href=\"https:\/\/fresquedumanagementresponsable.org\/wp-content\/uploads\/2023\/11\/Brochure-fresque-Management-Responsable.pdf\">Brochure-fresque-Management-Responsable<\/a><a href=\"https:\/\/fresquedumanagementresponsable.org\/wp-content\/uploads\/2023\/11\/Brochure-fresque-Management-Responsable.pdf\" class=\"wp-block-file__button wp-element-button\" download aria-describedby=\"wp-block-file--media-d8dd14c7-41a8-4e06-874c-a2760a2f6c41\">T\u00e9l\u00e9charger<\/a><\/div>\n","protected":false},"excerpt":{"rendered":"<p>La fresque du Management Responsable dans votre entreprise Un format id\u00e9al pour cr\u00e9er des \u00e9quipes confiantes et performantes, en accompagnant les managers et les organisations vers un management plus responsable et respectueux des personnes et de l&rsquo;environnement. Sensibilisation aux nouvelles formes de leadership, aux enjeux d&rsquo;un management inclusif, \u00e9thique et [&hellip;]<\/p>\n","protected":false},"author":1,"featured_media":0,"parent":0,"menu_order":0,"comment_status":"closed","ping_status":"closed","template":"","meta":{"footnotes":""},"class_list":["post-139","page","type-page","status-publish","hentry"],"_links":{"self":[{"href":"https:\/\/fresquedumanagementresponsable.org\/index.php\/wp-json\/wp\/v2\/pages\/139","targetHints":{"allow":["GET"]}}],"collection":[{"href":"https:\/\/fresquedumanagementresponsable.org\/index.php\/wp-json\/wp\/v2\/pages"}],"about":[{"href":"https:\/\/fresquedumanagementresponsable.org\/index.php\/wp-json\/wp\/v2\/types\/page"}],"author":[{"embeddable":true,"href":"https:\/\/fresquedumanagementresponsable.org\/index.php\/wp-json\/wp\/v2\/users\/1"}],"replies":[{"embeddable":true,"href":"https:\/\/fresquedumanagementresponsable.org\/index.php\/wp-json\/wp\/v2\/comments?post=139"}],"version-history":[{"count":17,"href":"https:\/\/fresquedumanagementresponsable.org\/index.php\/wp-json\/wp\/v2\/pages\/139\/revisions"}],"predecessor-version":[{"id":387,"href":"https:\/\/fresquedumanagementresponsable.org\/index.php\/wp-json\/wp\/v2\/pages\/139\/revisions\/387"}],"wp:attachment":[{"href":"https:\/\/fresquedumanagementresponsable.org\/index.php\/wp-json\/wp\/v2\/media?parent=139"}],"curies":[{"name":"wp","href":"https:\/\/api.w.org\/{rel}","templated":true}]}}